{"id":2,"date":"2011-10-21T17:21:56","date_gmt":"2011-10-21T17:21:56","guid":{"rendered":"http:\/\/www.sanktgeorg-apotheke.de\/?page_id=2"},"modified":"2026-03-13T16:40:46","modified_gmt":"2026-03-13T16:40:46","slug":"beispiel-seite","status":"publish","type":"page","link":"https:\/\/www.apotheke-schenklengsfeld.de\/","title":{"rendered":"Aktuell"},"content":{"rendered":"\n<div>\n<div class=\"max-w-6xl mx-auto px-4 sm:px-6 lg:px-8 pt-16 lg:pt-20 pb-12\">\n<div class=\"flex\">\n<div class=\"space-y-4 lg:space-y-4 lg:w-1\/2 xl:w-2\/3\">\n<h2 class=\"text-[#0D0D0D] text-xl lg:text-4xl font-semibold\">&#8222;EINFACH NUR DRANHALTEN ?&#8220;<\/h2>\n<h2 class=\"text-[#0D0D0D] text-xl lg:text-4xl font-semibold\">Dein E-Rezept ganz einfach per App einl\u00f6sen und wertvolle Zeit sparen.<\/h2>\n<p class=\"text-sm lg:text-base\">Mit der ApoGuide App gibt es verschiedene Wege, dein E-Rezept einzul\u00f6sen. Ob mit dem Scan der elektronischen Gesundheitskarte (eGK), der Fotofunktion oder dem Dateiupload: Dein E-Rezept kommt garantiert schnell und sicher in deiner Apotheke vor Ort an.<\/p>\n<div class=\"space-y-3 pt-4\">\n<div class=\"flex space-x-4 items-center\">\u00a0<\/div>\n<\/div>\n<\/div>\n<\/div>\n<\/div>\n<\/div>\n<div class=\"flex space-x-4 items-center\"><span class=\"text-sm lg:text-sm\">Unkompliziertes und sicheres \u00dcbersenden deines E-Rezepts<\/span><\/div>\n<div class=\"flex space-x-4 items-center\">\u00a0<\/div>\n<div class=\"flex space-x-4 items-center\"><span class=\"text-sm lg:text-sm\">Einfach bei deiner Apotheke abholen oder per Botendienst liefern lassen<\/span><\/div>\n<div class=\"flex space-x-4 items-center\">\u00a0<\/div>\n<div>\n<div class=\"max-w-6xl mx-auto px-4 sm:px-6 lg:px-8 pt-16 lg:pt-20 pb-12\">\n<div class=\"flex\">\n<div class=\"space-y-4 lg:space-y-4 lg:w-1\/2 xl:w-2\/3\">\n<div class=\"space-y-3 pt-4\">\n<div class=\"flex space-x-4 items-center\"><span class=\"text-sm lg:text-sm\">Bestellupdates und mehr im pers\u00f6nlichen Chat mit deiner Apotheke<\/span><\/div>\n<\/div>\n<div class=\"pt-6\"><a class=\"inline-block bg-primary-600 text-white rounded-lg px-4 py-2 font-semibold text-sm hover:bg-primary-700 focus:ring-2 focus:ring-primary-600 focus:ring-offset-2 outline-none\" href=\"https:\/\/www.apoguide.de\/e-rezept\">Mehr zum E-Rezept<\/a><\/div>\n<\/div>\n<div class=\"lg:w-1\/2 xl:w-1\/3 hidden lg:block relative\"><img decoding=\"async\" class=\"w-auto h-[580px] max-w-none\" src=\"https:\/\/www.apoguide.de\/build\/assets\/cardlink-devices-d2c62e64.webp\" alt=\"Cardlink Device\" \/><\/div>\n<\/div>\n<div class=\"flex justify-center\"><img decoding=\"async\" class=\"h-12 w-auto\" src=\"https:\/\/www.apoguide.de\/build\/assets\/logo-powered-by-2ac4f9d6.svg\" alt=\"ApoGuide Logo\" \/><\/div>\n<\/div>\n<\/div>\n<div class=\"bg-cyan-100 pt-16\">\n<div class=\"max-w-6xl mx-auto px-4 sm:px-6 lg:px-8\">\n<div class=\"flex space-x-3 lg:flex-col lg:space-x-0 lg:space-y-6\">\n<div>\n<h3>\u00a0<\/h3>\n<h3 class=\"font-semibold lg:text-xl pb-1 lg:pb-2\">1 Download App<\/h3>\n<p class=\"text-sm\">Jetzt im Appstore oder bei Google Play die kostenfreie ApoGuide App herunterladen.\u00a0<br \/><a href=\"https:\/\/www.apotheke-schenklengsfeld.de\/?attachment_id=720\" rel=\"attachment wp-att-720\"><img loading=\"lazy\" decoding=\"async\" class=\"aligncenter  wp-image-720\" src=\"http:\/\/www.apotheke-schenklengsfeld.de\/wp-content\/uploads\/2026\/03\/Screenshot-2026-03-13-at-17-36-06--1024x494.png\" alt=\"QR Code Download\" width=\"320\" height=\"153\" \/><\/a><\/p>\n<div class=\"space-y-8 lg:pb-10 lg:pt-24 max-w-[592px]\">\n<div class=\"hidden lg:flex space-x-8 justify-start shrink-0 pt-8\"><a href=\"https:\/\/play.google.com\/store\/apps\/details?id=de.gedisa.apo_guide\" target=\"_blank\" rel=\"noopener\"><img decoding=\"async\" class=\"h-12 w-auto\" src=\"https:\/\/www.apoguide.de\/build\/assets\/google-play-f953f01e.png\" alt=\"Download im Google Play Store\" \/><\/a> <a href=\"https:\/\/apps.apple.com\/app\/apple-store\/id6447188653\" target=\"_blank\" rel=\"noopener\"><img decoding=\"async\" class=\"h-12 w-auto\" src=\"https:\/\/www.apoguide.de\/build\/assets\/apple-appstore-a2680d33.png\" alt=\"Download im Apple App Store\" \/><\/a><\/div>\n<\/div>\n<div class=\"hidden lg:block\"><img decoding=\"async\" class=\"absolute right-0 bottom-[-195px] max-w-[343px] max-h-auto\" src=\"https:\/\/www.apoguide.de\/build\/assets\/cardlink-hero-device-e3036066.webp\" alt=\"ApoGuide\" \/><\/div>\n<\/div>\n<\/div>\n<div class=\"flex space-x-3 lg:flex-col lg:space-x-0 lg:space-y-6\">\n<div>\n<h3 class=\"flex justify-center items-center w-[47px] h-[47px] border border-gray-900 rounded-full\"><span class=\"text-xl\">2 <\/span>Installieren &amp; Anmelden<\/h3>\n<\/div>\n<div>\n<p class=\"text-sm\">Die App installieren, anmelden und direkt loslegen.<\/p>\n<\/div>\n<\/div>\n<div class=\"flex space-x-3 lg:flex-col lg:space-x-0 lg:space-y-6\">\n<div>\n<h3 class=\"flex justify-center items-center w-[47px] h-[47px] border border-gray-900 rounded-full\"><span class=\"text-xl\">3 Unsere <\/span>Apotheke finden<\/h3>\n<\/div>\n<div>\n<p class=\"text-sm\">Termine, Bestellungen oder Rezepte \u2013 immer alles auf einen Blick.<\/p>\n<\/div>\n<\/div>\n<h2>\u00a0<\/h2>\n<h2 class=\"text-[#0D0D0D] text-xl lg:text-4xl font-semibold text-center\">Appfunktionen im \u00dcberblick<\/h2>\n<\/div>\n<\/div>\n<div class=\"flex space-x-3 lg:flex-col lg:space-x-0 lg:space-y-6\">\n<div>\n<h3 class=\"font-semibold lg:text-xl pb-1 lg:pb-2\">unsere Apotheke suchen<\/h3>\n<p class=\"text-sm\">Speichere die St.Georg Apotheke ganz einfach in deiner ApoGuide App ab \u2013 so gelangst du mit nur einem Klick auf deine Favoriten.<\/p>\n<\/div>\n<\/div>\n<div class=\"flex space-x-3 lg:flex-col lg:space-x-0 lg:space-y-6\">\n<div>\u00a0<\/div>\n<\/div>\n<div class=\"flex space-x-3 lg:flex-col lg:space-x-0 lg:space-y-6\">\n<div>\n<h3 class=\"font-semibold lg:text-xl pb-1 lg:pb-2\">Apothekenchat nutzen<\/h3>\n<p class=\"text-sm\">Chatte direkt mit uns und kl\u00e4re ganz einfach Fragen rund um die Verf\u00fcgbarkeit von Medikamenten oder zu Rezepten.<\/p>\n<\/div>\n<\/div>\n<div class=\"flex space-x-3 lg:flex-col lg:space-x-0 lg:space-y-6\">\n<div>\u00a0<\/div>\n<div>\n<h3 class=\"font-semibold lg:text-xl pb-1 lg:pb-2\">Termine vereinbaren<\/h3>\n<p class=\"text-sm\">Vereinbare ganz einfach ein pers\u00f6nliches Beratungsgespr\u00e4ch oder einen Termin f\u00fcr eine pharmazeutische Dienstleistung in deiner Apotheke vor Ort.<\/p>\n<\/div>\n<\/div>\n<div class=\"flex space-x-3 lg:flex-col lg:space-x-0 lg:space-y-6\">\n<div>\u00a0<\/div>\n<div>\n<h3 class=\"font-semibold lg:text-xl pb-1 lg:pb-2\">Rezepte digital versenden<\/h3>\n<p class=\"text-sm\">Nutze die Fotofunktion in der ApoGuide App und versende Rezepte via Chat einfach und sicher an deine St.Georg Apotheke in Schenklengsfeld.<\/p>\n<\/div>\n<\/div>\n<div class=\"flex space-x-3 lg:flex-col lg:space-x-0 lg:space-y-6\">\n<div>\n<p>\u00a0<\/p>\n<\/div>\n<\/div>\n<div class=\"flex space-x-3 lg:flex-col lg:space-x-0 lg:space-y-6\">\n<div>\n<h3 class=\"font-semibold lg:text-xl pb-1 lg:pb-2\">News &amp; Infos erhalten<\/h3>\n<p class=\"text-sm\">In der ApoGuide App findest du w\u00f6chentlich interessante Neuigkeiten und Tipps rund um die Themen Apotheke und Gesundheit.<\/p>\n<\/div>\n<\/div>\n<div class=\"flex space-x-3 lg:flex-col lg:space-x-0 lg:space-y-6\">\n<div>\u00a0<\/div>\n<\/div>\n<div class=\"flex space-x-3 lg:flex-col lg:space-x-0 lg:space-y-6\">\n<div>\n<h3 class=\"font-semibold lg:text-xl pb-1 lg:pb-2\">Shopfunktion nutzen<\/h3>\n<p class=\"text-sm\">Rezeptfreie und rezeptpflichtige Produkte bestellen und abholen oder liefern lassen \u2013 von Nasenspray \u00fcber Kosmetik bis hin zu Hygieneartikeln. Ab sofort verf\u00fcgbar in der Apothekensuche.<\/p>\n<\/div>\n<\/div>\n<div class=\"flex space-x-3 lg:flex-col lg:space-x-0 lg:space-y-6\">\n<div>\u00a0<\/div>\n<\/div>\n<div class=\"bg-cyan-100 pt-16\">\n<div class=\"max-w-6xl mx-auto px-4 sm:px-6 lg:px-8\">\n<div class=\"grid gap-x-32 gap-y-8 lg:grid-cols-3 py-16\">\n<div class=\"flex space-x-3 lg:flex-col lg:space-x-0 lg:space-y-6\">\n<div>\n<h3 class=\"font-semibold lg:text-xl pb-1 lg:pb-2\">Updates erhalten<\/h3>\n<p class=\"text-sm\">Aktiviere die Benachrichtigungsfunktion in deiner App und erfahre Neuigkeiten von deiner Lieblingsapotheke immer zuerst.<\/p>\n<\/div>\n<\/div>\n<\/div>\n<\/div>\n<\/div>\n<div class=\"bg-no-repeat bg-right-top\">\n<div class=\"max-w-6xl mx-auto px-4 sm:px-6 lg:px-8 pt-20\">\n<h2 class=\"text-[#0D0D0D] text-xl lg:text-4xl font-semibold text-center\">Der ApoGuide auf einen Blick<\/h2>\n<div class=\"mt-20 hidden lg:block\"><img decoding=\"async\" class=\"block mx-auto w-full max-w-[966px]\" src=\"https:\/\/www.apoguide.de\/build\/assets\/devices-desktop-de9ad351.webp\" alt=\"App Desktop Preview\" \/><\/div>\n<div class=\"flex justify-center mb-16\"><img decoding=\"async\" class=\"h-12 w-auto\" src=\"https:\/\/www.apoguide.de\/build\/assets\/logo-powered-by-2ac4f9d6.svg\" alt=\"ApoGuide Logo\" \/><\/div>\n<\/div>\n<\/div>\n<div class=\"bg-cyan-100 py-16 lg:py-0\">\n<div class=\"max-w-6xl mx-auto px-4 sm:px-6 lg:px-8 flex flex-col lg:flex-row lg:items-center space-x-0 lg:space-x-16\">\n<div class=\"shrink-0\"><img decoding=\"async\" class=\"hidden lg:block\" src=\"https:\/\/www.apoguide.de\/build\/assets\/document-illustration-cutoff-7342b139.svg\" alt=\"Document Illustration\" \/><\/div>\n<div class=\"space-y-4\">\n<h2 class=\"text-[#0D0D0D] text-xl lg:text-4xl font-semibold\">Bei uns sind deine pers\u00f6nlichen Daten sicher<\/h2>\n<div class=\"space-y-3\">\n<div class=\"flex space-x-4 items-center\">\u00a0<\/div>\n<\/div>\n<\/div>\n<\/div>\n<\/div>\n<div class=\"flex space-x-4 items-center\"><span class=\"text-sm lg:text-sm\">Ende-zu-Ende verschl\u00fcsselter Chat<\/span><\/div>\n<div class=\"flex space-x-4 items-center\">\u00a0<\/div>\n<div class=\"flex space-x-4 items-center\"><span class=\"text-sm lg:text-sm\">Sichere Datenspeicherung mittels IDP auf deutschen Servern<\/span><\/div>\n<div class=\"flex space-x-4 items-center\">\u00a0<\/div>\n<p><span class=\"text-sm lg:text-sm\">Strenge Datenverschl\u00fcsselungsprotokolle<\/span><\/p>\n","protected":false},"excerpt":{"rendered":"<p>&#8222;EINFACH NUR DRANHALTEN ?&#8220; Dein E-Rezept ganz einfach per App einl\u00f6sen und wertvolle Zeit sparen. Mit der ApoGuide App gibt es verschiedene Wege, dein E-Rezept einzul\u00f6sen. Ob mit dem Scan der elektronischen Gesundheitskarte (eGK), der Fotofunktion oder dem Dateiupload: Dein E-Rezept kommt garantiert schnell und sicher in deiner Apotheke vor Ort an. \u00a0 Unkompliziertes und [&hellip;]<\/p>\n","protected":false},"author":1,"featured_media":0,"parent":0,"menu_order":1,"comment_status":"open","ping_status":"open","template":"","meta":{"footnotes":""},"class_list":["post-2","page","type-page","status-publish","hentry"],"aioseo_notices":[],"_links":{"self":[{"href":"https:\/\/www.apotheke-schenklengsfeld.de\/index.php?rest_route=\/wp\/v2\/pages\/2","targetHints":{"allow":["GET"]}}],"collection":[{"href":"https:\/\/www.apotheke-schenklengsfeld.de\/index.php?rest_route=\/wp\/v2\/pages"}],"about":[{"href":"https:\/\/www.apotheke-schenklengsfeld.de\/index.php?rest_route=\/wp\/v2\/types\/page"}],"author":[{"embeddable":true,"href":"https:\/\/www.apotheke-schenklengsfeld.de\/index.php?rest_route=\/wp\/v2\/users\/1"}],"replies":[{"embeddable":true,"href":"https:\/\/www.apotheke-schenklengsfeld.de\/index.php?rest_route=%2Fwp%2Fv2%2Fcomments&post=2"}],"version-history":[{"count":109,"href":"https:\/\/www.apotheke-schenklengsfeld.de\/index.php?rest_route=\/wp\/v2\/pages\/2\/revisions"}],"predecessor-version":[{"id":721,"href":"https:\/\/www.apotheke-schenklengsfeld.de\/index.php?rest_route=\/wp\/v2\/pages\/2\/revisions\/721"}],"wp:attachment":[{"href":"https:\/\/www.apotheke-schenklengsfeld.de\/index.php?rest_route=%2Fwp%2Fv2%2Fmedia&parent=2"}],"curies":[{"name":"wp","href":"https:\/\/api.w.org\/{rel}","templated":true}]}}