{"id":182,"date":"2011-11-01T10:50:32","date_gmt":"2011-11-01T10:50:32","guid":{"rendered":"http:\/\/www.sanktgeorg-apotheke.de\/?page_id=182"},"modified":"2011-11-01T10:52:11","modified_gmt":"2011-11-01T10:52:11","slug":"bestellungen","status":"publish","type":"page","link":"https:\/\/www.apotheke-schenklengsfeld.de\/?page_id=182","title":{"rendered":"Bestellungen"},"content":{"rendered":"<p><strong>Gerne nehmen wir auch Ihre Bestellungen Online entgegen.<\/strong><\/p>\n<p>schicken Sie uns eine Email an<\/p>\n<p><span style=\"color: #ff0000;\"><a href=\"mailto:info@apotheke-schenklengsfeld.de\"><span style=\"color: #ff0000;\">info@apotheke-schenklengsfeld.de<\/span><\/a><\/span><\/p>\n<p>oder f\u00fcllen Sie das folgende Formular mit Ihren W\u00fcnschen aus.<\/p>\n<p>Wir werden uns umgehend zur\u00fcckmelden und Ihnen Ihre Bestellung entweder zustellen oder zur Abholung bereitlegen.<\/p>\n\n\n<!-- Fast Secure Contact Form plugin 4.0.52 - begin - FastSecureContactForm.com -->\r\n<div style=\"clear:both;\"><\/div>\n<p>Wir freuen uns \u00fcber Ihre Bestellungen, Fragen und Anmerkungen<\/p>\r\n<div id=\"FSContact1\" style=\"width:375px;\">\r\n<form action=\"https:\/\/www.apotheke-schenklengsfeld.de\/index.php?rest_route=%2Fwp%2Fv2%2Fpages%2F182#FSContact1\" id=\"fscf_form1\" method=\"post\">\r\n\n<div id=\"fscf_required1\">\n  <span style=\"text-align:left;\"> *<\/span> <span style=\"text-align:left;\">indicates required field<\/span>\n<\/div>\n\n\n<div id=\"fscf_div_clear1_0\" style=\"clear:both;\">\n  <div id=\"fscf_div_field1_0\" style=\"clear:left; float:left; width:99%; max-width:550px; margin-right:10px;\">\r\n    <div style=\"text-align:left; padding-top:5px;\">\n      <label style=\"text-align:left;\" for=\"fscf_name1\">Name:<span style=\"text-align:left;\"> *<\/span><\/label>\n    <\/div>\r\n    <div style=\"text-align:left;\">\r\n      <input style=\"text-align:left; margin:0;\" type=\"text\" id=\"fscf_name1\" name=\"full_name\" value=\"\"  readonly=\"readonly\" \/>\r\n    <\/div>\r\n  <\/div>\n<\/div>\n\n<div id=\"fscf_div_clear1_1\" style=\"clear:both;\">\n  <div id=\"fscf_div_field1_1\" style=\"clear:left; float:left; width:99%; max-width:550px; margin-right:10px;\">\n    <div style=\"text-align:left; padding-top:5px;\">\n      <label style=\"text-align:left;\" for=\"fscf_email1\">Email:<span style=\"text-align:left;\"> *<\/span><\/label>\n    <\/div>\n    <div style=\"text-align:left;\">\n      <input style=\"text-align:left; margin:0;\" type=\"text\" id=\"fscf_email1\" name=\"email\" value=\"\"  readonly=\"readonly\" \/>\n    <\/div>\n  <\/div>\n<\/div>\n\n<div id=\"fscf_div_clear1_2\" style=\"clear:both;\">\n  <div id=\"fscf_div_field1_2\" style=\"clear:left; float:left; width:99%; max-width:550px; margin-right:10px;\">\n    <div style=\"text-align:left; padding-top:5px;\">\n      <label style=\"text-align:left;\" for=\"fscf_field1_2\">Betreff:<span style=\"text-align:left;\"> *<\/span><\/label>\n    <\/div>\n    <div style=\"text-align:left;\">\n      <input style=\"text-align:left; margin:0;\" type=\"text\" id=\"fscf_field1_2\" name=\"subject\" value=\"\"  \/>\n    <\/div>\n  <\/div>\n<\/div>\n\n<div id=\"fscf_div_clear1_3\" style=\"clear:both;\">\n  <div id=\"fscf_div_field1_3\" style=\"clear:left; float:left; width:99%; max-width:550px; margin-right:10px;\">\n    <div style=\"text-align:left; padding-top:5px;\">\n      <label style=\"text-align:left;\" for=\"fscf_field1_3\">Nachricht:<span style=\"text-align:left;\"> *<\/span><\/label>\n    <\/div>\n    <div style=\"text-align:left;\">\n      <textarea style=\"text-align:left; margin:0; width:99%; max-width:250px; height:120px;\" id=\"fscf_field1_3\" name=\"message\" cols=\"30\" rows=\"10\" ><\/textarea>\n    <\/div>\n  <\/div>\n<\/div>\r\n<div style=\"clear:both;\"><\/div>\n\n<div id=\"fscf_submit_div1\" style=\"text-align:left; padding-top:2px;\">\r\n\t\t<input type=\"submit\" id=\"fscf_submit1\" style=\"cursor:pointer; margin:0;\" value=\"senden\"  onclick=\"this.disabled=true; this.value='Submitting...'; this.form.submit();\" \/> \n<\/div>\n\n<input type=\"hidden\" name=\"fscf_submitted\" value=\"0\" \/>\n<input type=\"hidden\" name=\"fs_postonce_1\" value=\"d1e82cbecfb96fdfde946d8dd0441e43,1778415409\" \/>\n<input type=\"hidden\" name=\"si_contact_action\" value=\"send\" \/>\n<input type=\"hidden\" name=\"form_id\" value=\"1\" \/>\n<input type=\"hidden\" name=\"mailto_id\" value=\"1\" \/>\n\n<\/form>\n<\/div>\r\n<div style=\"clear:both;\"><\/div>\n\n<!-- Fast Secure Contact Form plugin 4.0.52 - end - FastSecureContactForm.com -->\n\n","protected":false},"excerpt":{"rendered":"<p>Gerne nehmen wir auch Ihre Bestellungen Online entgegen. schicken Sie uns eine Email an info@apotheke-schenklengsfeld.de oder f\u00fcllen Sie das folgende Formular mit Ihren W\u00fcnschen aus. Wir werden uns umgehend zur\u00fcckmelden und Ihnen Ihre Bestellung entweder zustellen oder zur Abholung bereitlegen.<\/p>\n","protected":false},"author":1,"featured_media":0,"parent":0,"menu_order":0,"comment_status":"closed","ping_status":"open","template":"","meta":{"footnotes":""},"class_list":["post-182","page","type-page","status-publish","hentry"],"aioseo_notices":[],"_links":{"self":[{"href":"https:\/\/www.apotheke-schenklengsfeld.de\/index.php?rest_route=\/wp\/v2\/pages\/182","targetHints":{"allow":["GET"]}}],"collection":[{"href":"https:\/\/www.apotheke-schenklengsfeld.de\/index.php?rest_route=\/wp\/v2\/pages"}],"about":[{"href":"https:\/\/www.apotheke-schenklengsfeld.de\/index.php?rest_route=\/wp\/v2\/types\/page"}],"author":[{"embeddable":true,"href":"https:\/\/www.apotheke-schenklengsfeld.de\/index.php?rest_route=\/wp\/v2\/users\/1"}],"replies":[{"embeddable":true,"href":"https:\/\/www.apotheke-schenklengsfeld.de\/index.php?rest_route=%2Fwp%2Fv2%2Fcomments&post=182"}],"version-history":[{"count":5,"href":"https:\/\/www.apotheke-schenklengsfeld.de\/index.php?rest_route=\/wp\/v2\/pages\/182\/revisions"}],"predecessor-version":[{"id":187,"href":"https:\/\/www.apotheke-schenklengsfeld.de\/index.php?rest_route=\/wp\/v2\/pages\/182\/revisions\/187"}],"wp:attachment":[{"href":"https:\/\/www.apotheke-schenklengsfeld.de\/index.php?rest_route=%2Fwp%2Fv2%2Fmedia&parent=182"}],"curies":[{"name":"wp","href":"https:\/\/api.w.org\/{rel}","templated":true}]}}